{"id":193,"date":"2023-11-14T19:21:24","date_gmt":"2023-11-14T19:21:24","guid":{"rendered":"https:\/\/janieltours.com\/?page_id=193"},"modified":"2023-11-16T17:03:52","modified_gmt":"2023-11-16T17:03:52","slug":"location-de-vehicules","status":"publish","type":"page","link":"https:\/\/janieltours.com\/index.php\/location-de-vehicules\/","title":{"rendered":"Location de v\u00e9hicules"},"content":{"rendered":"\t\t<div data-elementor-type=\"wp-page\" data-elementor-id=\"193\" class=\"elementor elementor-193\">\n\t\t\t\t<div class=\"elementor-element elementor-element-a880aa2 e-flex e-con-boxed e-con e-parent\" data-id=\"a880aa2\" data-element_type=\"container\" data-e-type=\"container\">\n\t\t\t\t\t<div class=\"e-con-inner\">\n\t\t\t\t<div class=\"elementor-element elementor-element-7784791 elementor-widget elementor-widget-heading\" data-id=\"7784791\" data-element_type=\"widget\" data-e-type=\"widget\" data-widget_type=\"heading.default\">\n\t\t\t\t<div class=\"elementor-widget-container\">\n\t\t\t\t\t<h2 class=\"elementor-heading-title elementor-size-default\">Faites votre r\u00e9servation de v\u00e9hicules ici<\/h2>\t\t\t\t<\/div>\n\t\t\t\t<\/div>\n\t\t\t\t\t<\/div>\n\t\t\t\t<\/div>\n\t\t<div class=\"elementor-element elementor-element-3eab07c e-flex e-con-boxed e-con e-parent\" data-id=\"3eab07c\" data-element_type=\"container\" data-e-type=\"container\">\n\t\t\t\t\t<div class=\"e-con-inner\">\n\t\t<div class=\"elementor-element elementor-element-028aac9 e-con-full e-flex e-con e-child\" data-id=\"028aac9\" data-element_type=\"container\" data-e-type=\"container\">\n\t\t\t\t<div class=\"elementor-element elementor-element-da9e79b elementor-widget elementor-widget-shortcode\" data-id=\"da9e79b\" data-element_type=\"widget\" data-e-type=\"widget\" data-widget_type=\"shortcode.default\">\n\t\t\t\t<div class=\"elementor-widget-container\">\n\t\t\t\t\t\t\t<div class=\"elementor-shortcode\">\n<div class=\"wpcf7 no-js\" id=\"wpcf7-f586-o1\" lang=\"fr-FR\" dir=\"ltr\" data-wpcf7-id=\"586\">\n<div class=\"screen-reader-response\"><p role=\"status\" aria-live=\"polite\" aria-atomic=\"true\"><\/p> <ul><\/ul><\/div>\n<form action=\"\/index.php\/wp-json\/wp\/v2\/pages\/193#wpcf7-f586-o1\" method=\"post\" class=\"wpcf7-form init\" aria-label=\"Formulaire de contact\" novalidate=\"novalidate\" data-status=\"init\">\n<fieldset class=\"hidden-fields-container\"><input type=\"hidden\" name=\"_wpcf7\" value=\"586\" \/><input type=\"hidden\" name=\"_wpcf7_version\" value=\"6.1.4\" \/><input type=\"hidden\" name=\"_wpcf7_locale\" value=\"fr_FR\" \/><input type=\"hidden\" name=\"_wpcf7_unit_tag\" value=\"wpcf7-f586-o1\" \/><input type=\"hidden\" name=\"_wpcf7_container_post\" value=\"0\" \/><input type=\"hidden\" name=\"_wpcf7_posted_data_hash\" value=\"\" \/><input type=\"hidden\" name=\"redirect_nonce\" value=\"d447b46d5b\" \/><input type=\"hidden\" name=\"wpcf7cfpdf_hidden_name\" value=\"document-pdf\" \/><input type=\"hidden\" name=\"wpcf7cfpdf_hidden_reference\" value=\"61abee0b\" \/><input type=\"hidden\" name=\"wpcf7cfpdf_hidden_date\" value=\"04162026\" \/><input type=\"hidden\" name=\"_wpcf7_recaptcha_response\" value=\"\" \/>\n<\/fieldset>\n<p><label> Votre nom<br \/>\n<span class=\"wpcf7-form-control-wrap\" data-name=\"your-name\"><input size=\"40\" maxlength=\"400\" class=\"wpcf7-form-control wpcf7-text wpcf7-validates-as-required\" autocomplete=\"name\" aria-required=\"true\" aria-invalid=\"false\" value=\"\" type=\"text\" name=\"your-name\" \/><\/span> <\/label>\n<\/p>\n<p><label> Votre pr\u00e9nom<br \/>\n<span class=\"wpcf7-form-control-wrap\" data-name=\"your-name\"><input size=\"40\" maxlength=\"400\" class=\"wpcf7-form-control wpcf7-text wpcf7-validates-as-required\" autocomplete=\"name\" aria-required=\"true\" aria-invalid=\"false\" value=\"\" type=\"text\" name=\"your-name\" \/><\/span> <\/label>\n<\/p>\n<p><label> Votre num\u00e9ro de t\u00e9l\u00e9phone<br \/>\n<span class=\"wpcf7-form-control-wrap\" data-name=\"tel-phone\"><input size=\"40\" maxlength=\"400\" class=\"wpcf7-form-control wpcf7-tel wpcf7-validates-as-required wpcf7-text wpcf7-validates-as-tel\" aria-required=\"true\" aria-invalid=\"false\" value=\"\" type=\"tel\" name=\"tel-phone\" \/><\/span> <\/label>\n<\/p>\n<p><label> Votre e-mail<br \/>\n<span class=\"wpcf7-form-control-wrap\" data-name=\"your-email\"><input size=\"40\" maxlength=\"400\" class=\"wpcf7-form-control wpcf7-email wpcf7-validates-as-required wpcf7-text wpcf7-validates-as-email\" autocomplete=\"email\" aria-required=\"true\" aria-invalid=\"false\" value=\"\" type=\"email\" name=\"your-email\" \/><\/span> <\/label>\n<\/p>\n<p><label> Quel type de v\u00e9hicule voulez-vous louer ?<br \/>\n<span class=\"wpcf7-form-control-wrap\" data-name=\"menu-vehicule-location\"><select class=\"wpcf7-form-control wpcf7-select wpcf7-validates-as-required\" aria-required=\"true\" aria-invalid=\"false\" name=\"menu-vehicule-location\"><option value=\"4x4\">4x4<\/option><option value=\"Berline\">Berline<\/option><option value=\"De luxe\">De luxe<\/option><\/select><\/span> <\/label>\n<\/p>\n<p><label> Quel type de transport en commun ?<br \/>\n<span class=\"wpcf7-form-control-wrap\" data-name=\"menu-transpor\"><select class=\"wpcf7-form-control wpcf7-select wpcf7-validates-as-required\" aria-required=\"true\" aria-invalid=\"false\" name=\"menu-transpor\"><option value=\"Taxi\">Taxi<\/option><option value=\"Train\">Train<\/option><option value=\"Bus\">Bus<\/option><\/select><\/span> <\/label>\n<\/p>\n<p><label> Nombre de jours de la location ?<br \/>\n<span class=\"wpcf7-form-control-wrap\" data-name=\"number-location-vehicule\"><input class=\"wpcf7-form-control wpcf7-number wpcf7-validates-as-required wpcf7-validates-as-number\" min=\"1\" max=\"60\" aria-required=\"true\" aria-invalid=\"false\" value=\"\" type=\"number\" name=\"number-location-vehicule\" \/><\/span> <\/label>\n<\/p>\n<p><label> A utiliser en agglom\u00e9ration ou en campagne ?<br \/>\n<span class=\"wpcf7-form-control-wrap\" data-name=\"menu-agglomeration\"><select class=\"wpcf7-form-control wpcf7-select wpcf7-validates-as-required\" aria-required=\"true\" aria-invalid=\"false\" name=\"menu-agglomeration\"><option value=\"Agglom\u00e9ration\">Agglom\u00e9ration<\/option><option value=\"Campagne\">Campagne<\/option><\/select><\/span> <\/label>\n<\/p>\n<p><label> Voulez-vous r\u00e9server un h\u00f4tel ? <\/label>\n<\/p>\n<p><br \/>\n<span class=\"wpcf7-form-control-wrap\" data-name=\"checkbox-lhotel\"><span class=\"wpcf7-form-control wpcf7-checkbox wpcf7-validates-as-required wpcf7-exclusive-checkbox\"><span class=\"wpcf7-list-item first\"><label><input type=\"checkbox\" name=\"checkbox-lhotel\" value=\"Oui\" \/><span class=\"wpcf7-list-item-label\">Oui<\/span><\/label><\/span><span class=\"wpcf7-list-item last\"><label><input type=\"checkbox\" name=\"checkbox-lhotel\" value=\"Non\" \/><span class=\"wpcf7-list-item-label\">Non<\/span><\/label><\/span><\/span><\/span>\n<\/p>\n<p>[group group-hotel]\n<\/p>\n<p><label> Quel type d'h\u00f4tel r\u00e9servez-vous ?<br \/>\n<span class=\"wpcf7-form-control-wrap\" data-name=\"menu-etoiles\"><select class=\"wpcf7-form-control wpcf7-select wpcf7-validates-as-required\" aria-required=\"true\" aria-invalid=\"false\" name=\"menu-etoiles\"><option value=\"5 \u00e9toiles\">5 \u00e9toiles<\/option><option value=\"4 \u00e9toiles\">4 \u00e9toiles<\/option><option value=\"3 \u00e9toiles\">3 \u00e9toiles<\/option><option value=\"2 \u00e9toiles\">2 \u00e9toiles<\/option><option value=\"1 \u00e9toile\">1 \u00e9toile<\/option><\/select><\/span> <\/label>\n<\/p>\n<p><label> Quel type de chambre ?<br \/>\n<span class=\"wpcf7-form-control-wrap\" data-name=\"menu-chambre-hotel\"><select class=\"wpcf7-form-control wpcf7-select wpcf7-validates-as-required\" aria-required=\"true\" aria-invalid=\"false\" name=\"menu-chambre-hotel\"><option value=\"Individuelle\">Individuelle<\/option><option value=\"Double\">Double<\/option><option value=\"Dortoir\">Dortoir<\/option><option value=\"R\u00e9sidence priv\u00e9e\">R\u00e9sidence priv\u00e9e<\/option><\/select><\/span> <\/label>\n<\/p>\n<p><label> Date d'arriver \u00e0 l'h\u00f4tel<br \/>\n<span class=\"wpcf7-form-control-wrap\" data-name=\"date-hotel\"><input class=\"wpcf7-form-control wpcf7-date wpcf7-validates-as-required wpcf7-validates-as-date\" aria-required=\"true\" aria-invalid=\"false\" value=\"\" type=\"date\" name=\"date-hotel\" \/><\/span> <\/label>\n<\/p>\n<p><label> Date de d\u00e9part de l'h\u00f4tel<br \/>\n<span class=\"wpcf7-form-control-wrap\" data-name=\"date-hotel\"><input class=\"wpcf7-form-control wpcf7-date wpcf7-validates-as-required wpcf7-validates-as-date\" aria-required=\"true\" aria-invalid=\"false\" value=\"\" type=\"date\" name=\"date-hotel\" \/><\/span> <\/label>\n<\/p>\n<p>[\/group]\n<\/p>\n<p><label> Voulez-vous r\u00e9server un billet d'avion ?<br \/>\n<span class=\"wpcf7-form-control-wrap\" data-name=\"checkbox-lavion\"><span class=\"wpcf7-form-control wpcf7-checkbox wpcf7-validates-as-required wpcf7-exclusive-checkbox\"><span class=\"wpcf7-list-item first\"><label><input type=\"checkbox\" name=\"checkbox-lavion\" value=\"Oui\" \/><span class=\"wpcf7-list-item-label\">Oui<\/span><\/label><\/span><span class=\"wpcf7-list-item last\"><label><input type=\"checkbox\" name=\"checkbox-lavion\" value=\"Non\" \/><span class=\"wpcf7-list-item-label\">Non<\/span><\/label><\/span><\/span><\/span> <\/label>\n<\/p>\n<p>[group group-avion]\n<\/p>\n<p><label> Pays de d\u00e9part<br \/>\n<span class=\"wpcf7-form-control-wrap\" data-name=\"countrytext-origine\"><input size=\"40\" class=\"wpcf7-form-control wpcf7-countrytext wpcf7-validates-as-required wpcf7-text wpcf7-validates-as-countrytext\" aria-required=\"true\" aria-invalid=\"false\" value=\"\" type=\"text\" name=\"countrytext-origine\" \/><\/span> <\/label>\n<\/p>\n<p><label> Ville de d\u00e9part<br \/>\n<span class=\"wpcf7-form-control-wrap\" data-name=\"text-677\"><input size=\"40\" maxlength=\"400\" class=\"wpcf7-form-control wpcf7-text wpcf7-validates-as-required\" aria-required=\"true\" aria-invalid=\"false\" value=\"\" type=\"text\" name=\"text-677\" \/><\/span> <\/label>\n<\/p>\n<p><label> Date de d\u00e9part<br \/>\n<span class=\"wpcf7-form-control-wrap\" data-name=\"date-971\"><input class=\"wpcf7-form-control wpcf7-date wpcf7-validates-as-required wpcf7-validates-as-date\" aria-required=\"true\" aria-invalid=\"false\" value=\"\" type=\"date\" name=\"date-971\" \/><\/span> <\/label>\n<\/p>\n<p><label> Destination<br \/>\n<span class=\"wpcf7-form-control-wrap\" data-name=\"countrytext-991\"><input size=\"40\" class=\"wpcf7-form-control wpcf7-countrytext wpcf7-validates-as-required wpcf7-text wpcf7-validates-as-countrytext\" aria-required=\"true\" aria-invalid=\"false\" value=\"\" type=\"text\" name=\"countrytext-991\" \/><\/span> <\/label>\n<\/p>\n<p><label> Ville de destination<br \/>\n<span class=\"wpcf7-form-control-wrap\" data-name=\"text-677\"><input size=\"40\" maxlength=\"400\" class=\"wpcf7-form-control wpcf7-text wpcf7-validates-as-required\" aria-required=\"true\" aria-invalid=\"false\" value=\"\" type=\"text\" name=\"text-677\" \/><\/span> <\/label>\n<\/p>\n<p><label> Date de retour<br \/>\n<span class=\"wpcf7-form-control-wrap\" data-name=\"date-971\"><input class=\"wpcf7-form-control wpcf7-date wpcf7-validates-as-required wpcf7-validates-as-date\" aria-required=\"true\" aria-invalid=\"false\" value=\"\" type=\"date\" name=\"date-971\" \/><\/span> <\/label>\n<\/p>\n<p><label> Compagnie a\u00e9rienne<br \/>\n<span class=\"wpcf7-form-control-wrap\" data-name=\"text-22\"><input size=\"40\" maxlength=\"400\" class=\"wpcf7-form-control wpcf7-text wpcf7-validates-as-required\" aria-required=\"true\" aria-invalid=\"false\" value=\"\" type=\"text\" name=\"text-22\" \/><\/span> <\/label>\n<\/p>\n<p><label> Cabine<br \/>\n<span class=\"wpcf7-form-control-wrap\" data-name=\"menu-458\"><select class=\"wpcf7-form-control wpcf7-select wpcf7-validates-as-required\" aria-required=\"true\" aria-invalid=\"false\" name=\"menu-458\"><option value=\"Economy\">Economy<\/option><option value=\"No preference\">No preference<\/option><option value=\"Bussiness\">Bussiness<\/option><option value=\"First\">First<\/option><option value=\"Premium first\">Premium first<\/option><option value=\"AsBooked\">AsBooked<\/option><option value=\"Up\/Business\/First\">Up\/Business\/First<\/option><\/select><\/span> <\/label>\n<\/p>\n<p><label> Nombre de passager<br \/>\n<span class=\"wpcf7-form-control-wrap\" data-name=\"number-3061\"><input class=\"wpcf7-form-control wpcf7-number wpcf7-validates-as-required wpcf7-validates-as-number\" min=\"1\" max=\"9\" aria-required=\"true\" aria-invalid=\"false\" placeholder=\"1\" value=\"\" type=\"number\" name=\"number-3061\" \/><\/span> <\/label>\n<\/p>\n<p><label> Votre document de voyage<br \/>\n<span class=\"wpcf7-form-control-wrap\" data-name=\"menu-458\"><select class=\"wpcf7-form-control wpcf7-select wpcf7-validates-as-required\" aria-required=\"true\" aria-invalid=\"false\" name=\"menu-458\"><option value=\"Passeport\">Passeport<\/option><option value=\"CNIB\">CNIB<\/option><option value=\"Autre\">Autre<\/option><\/select><\/span> <\/label>\n<\/p>\n<p><label> Num\u00e9ro du document de voyage<br \/>\n<span class=\"wpcf7-form-control-wrap\" data-name=\"text-4501\"><input size=\"40\" maxlength=\"400\" class=\"wpcf7-form-control wpcf7-text wpcf7-validates-as-required\" aria-required=\"true\" aria-invalid=\"false\" value=\"\" type=\"text\" name=\"text-4501\" \/><\/span> <\/label>\n<\/p>\n<p><label> Document \u00e9tabli par ?<br \/>\n<span class=\"wpcf7-form-control-wrap\" data-name=\"text-22\"><input size=\"40\" maxlength=\"400\" class=\"wpcf7-form-control wpcf7-text wpcf7-validates-as-required\" aria-required=\"true\" aria-invalid=\"false\" value=\"\" type=\"text\" name=\"text-22\" \/><\/span> <\/label>\n<\/p>\n<p><label> Date d'expiration du document<br \/>\n<span class=\"wpcf7-form-control-wrap\" data-name=\"date-971\"><input class=\"wpcf7-form-control wpcf7-date wpcf7-validates-as-required wpcf7-validates-as-date\" aria-required=\"true\" aria-invalid=\"false\" value=\"\" type=\"date\" name=\"date-971\" \/><\/span> <\/label>\n<\/p>\n<p>[\/group]\n<\/p>\n<p><label> Un commentaireparticulier (facultatif)<br \/>\n<span class=\"wpcf7-form-control-wrap\" data-name=\"your-message\"><textarea cols=\"40\" rows=\"10\" maxlength=\"2000\" class=\"wpcf7-form-control wpcf7-textarea\" aria-invalid=\"false\" name=\"your-message\"><\/textarea><\/span> <\/label>\n<\/p>\n<p><input class=\"wpcf7-form-control wpcf7-submit has-spinner\" type=\"submit\" value=\"Envoyer\" \/>\n<\/p><p style=\"display: none !important;\" class=\"akismet-fields-container\" data-prefix=\"_wpcf7_ak_\"><label>&#916;<textarea name=\"_wpcf7_ak_hp_textarea\" cols=\"45\" rows=\"8\" maxlength=\"100\"><\/textarea><\/label><input type=\"hidden\" id=\"ak_js_1\" name=\"_wpcf7_ak_js\" value=\"106\"\/><script>document.getElementById( \"ak_js_1\" ).setAttribute( \"value\", ( new Date() ).getTime() );<\/script><\/p><div class=\"wpcf7-response-output\" aria-hidden=\"true\"><\/div>\n<\/form>\n<\/div>\n<\/div>\n\t\t\t\t\t\t<\/div>\n\t\t\t\t<\/div>\n\t\t\t\t<\/div>\n\t\t<div class=\"elementor-element elementor-element-07493c7 e-con-full e-flex e-con e-child\" data-id=\"07493c7\" data-element_type=\"container\" data-e-type=\"container\">\n\t\t\t\t<div class=\"elementor-element elementor-element-6c22066 elementor-widget elementor-widget-image\" data-id=\"6c22066\" data-element_type=\"widget\" data-e-type=\"widget\" data-widget_type=\"image.default\">\n\t\t\t\t<div class=\"elementor-widget-container\">\n\t\t\t\t\t\t\t\t\t\t\t\t\t\t\t<img fetchpriority=\"high\" decoding=\"async\" width=\"800\" height=\"800\" src=\"https:\/\/janieltours.com\/wp-content\/uploads\/2023\/11\/La-location-de-vehicules-touristiques-copie-min-min-1024x1024.jpg\" class=\"attachment-large size-large wp-image-70\" alt=\"V\u00e9hicule Agence de Voyage Janiel Tours\" srcset=\"https:\/\/janieltours.com\/wp-content\/uploads\/2023\/11\/La-location-de-vehicules-touristiques-copie-min-min-1024x1024.jpg 1024w, https:\/\/janieltours.com\/wp-content\/uploads\/2023\/11\/La-location-de-vehicules-touristiques-copie-min-min-300x300.jpg 300w, https:\/\/janieltours.com\/wp-content\/uploads\/2023\/11\/La-location-de-vehicules-touristiques-copie-min-min-150x150.jpg 150w, https:\/\/janieltours.com\/wp-content\/uploads\/2023\/11\/La-location-de-vehicules-touristiques-copie-min-min-768x768.jpg 768w, https:\/\/janieltours.com\/wp-content\/uploads\/2023\/11\/La-location-de-vehicules-touristiques-copie-min-min-1536x1536.jpg 1536w, https:\/\/janieltours.com\/wp-content\/uploads\/2023\/11\/La-location-de-vehicules-touristiques-copie-min-min-2048x2048.jpg 2048w\" sizes=\"(max-width: 800px) 100vw, 800px\" \/>\t\t\t\t\t\t\t\t\t\t\t\t\t\t\t<\/div>\n\t\t\t\t<\/div>\n\t\t\t\t<\/div>\n\t\t\t\t\t<\/div>\n\t\t\t\t<\/div>\n\t\t\t\t<\/div>\n\t\t","protected":false},"excerpt":{"rendered":"<p>Faites votre r\u00e9servation de v\u00e9hicules ici<\/p>\n","protected":false},"author":1,"featured_media":0,"parent":0,"menu_order":0,"comment_status":"closed","ping_status":"closed","template":"elementor_header_footer","meta":{"footnotes":""},"class_list":["post-193","page","type-page","status-publish","hentry"],"yoast_head":"<!-- This site is optimized with the Yoast SEO plugin v26.8 - https:\/\/yoast.com\/product\/yoast-seo-wordpress\/ -->\n<title>Location de v\u00e9hicules -<\/title>\n<meta name=\"robots\" content=\"index, follow, max-snippet:-1, max-image-preview:large, max-video-preview:-1\" \/>\n<link rel=\"canonical\" href=\"https:\/\/janieltours.com\/index.php\/location-de-vehicules\/\" \/>\n<meta property=\"og:locale\" content=\"fr_FR\" \/>\n<meta property=\"og:type\" content=\"article\" \/>\n<meta property=\"og:title\" content=\"Location de v\u00e9hicules -\" \/>\n<meta property=\"og:description\" content=\"Faites votre r\u00e9servation de v\u00e9hicules ici\" \/>\n<meta property=\"og:url\" content=\"https:\/\/janieltours.com\/index.php\/location-de-vehicules\/\" \/>\n<meta property=\"article:publisher\" content=\"https:\/\/web.facebook.com\/janieltours?_rdc=1&amp;_rdr\" \/>\n<meta property=\"article:modified_time\" content=\"2023-11-16T17:03:52+00:00\" \/>\n<meta property=\"og:image\" content=\"https:\/\/janieltours.com\/wp-content\/uploads\/2023\/11\/La-location-de-vehicules-touristiques-copie-min-min-1024x1024.jpg\" \/>\n<meta name=\"twitter:card\" content=\"summary_large_image\" \/>\n<script type=\"application\/ld+json\" class=\"yoast-schema-graph\">{\"@context\":\"https:\/\/schema.org\",\"@graph\":[{\"@type\":\"WebPage\",\"@id\":\"https:\/\/janieltours.com\/index.php\/location-de-vehicules\/\",\"url\":\"https:\/\/janieltours.com\/index.php\/location-de-vehicules\/\",\"name\":\"Location de v\u00e9hicules -\",\"isPartOf\":{\"@id\":\"https:\/\/janieltours.com\/#website\"},\"primaryImageOfPage\":{\"@id\":\"https:\/\/janieltours.com\/index.php\/location-de-vehicules\/#primaryimage\"},\"image\":{\"@id\":\"https:\/\/janieltours.com\/index.php\/location-de-vehicules\/#primaryimage\"},\"thumbnailUrl\":\"https:\/\/janieltours.com\/wp-content\/uploads\/2023\/11\/La-location-de-vehicules-touristiques-copie-min-min-1024x1024.jpg\",\"datePublished\":\"2023-11-14T19:21:24+00:00\",\"dateModified\":\"2023-11-16T17:03:52+00:00\",\"breadcrumb\":{\"@id\":\"https:\/\/janieltours.com\/index.php\/location-de-vehicules\/#breadcrumb\"},\"inLanguage\":\"fr-FR\",\"potentialAction\":[{\"@type\":\"ReadAction\",\"target\":[\"https:\/\/janieltours.com\/index.php\/location-de-vehicules\/\"]}]},{\"@type\":\"ImageObject\",\"inLanguage\":\"fr-FR\",\"@id\":\"https:\/\/janieltours.com\/index.php\/location-de-vehicules\/#primaryimage\",\"url\":\"https:\/\/janieltours.com\/wp-content\/uploads\/2023\/11\/La-location-de-vehicules-touristiques-copie-min-min.jpg\",\"contentUrl\":\"https:\/\/janieltours.com\/wp-content\/uploads\/2023\/11\/La-location-de-vehicules-touristiques-copie-min-min.jpg\",\"width\":2480,\"height\":2480,\"caption\":\"V\u00e9hicule Agence de Voyage Janiel Tours\"},{\"@type\":\"BreadcrumbList\",\"@id\":\"https:\/\/janieltours.com\/index.php\/location-de-vehicules\/#breadcrumb\",\"itemListElement\":[{\"@type\":\"ListItem\",\"position\":1,\"name\":\"Accueil\",\"item\":\"https:\/\/janieltours.com\/\"},{\"@type\":\"ListItem\",\"position\":2,\"name\":\"Location de v\u00e9hicules\"}]},{\"@type\":\"WebSite\",\"@id\":\"https:\/\/janieltours.com\/#website\",\"url\":\"https:\/\/janieltours.com\/\",\"name\":\"www.janieltours.com\",\"description\":\"\",\"publisher\":{\"@id\":\"https:\/\/janieltours.com\/#organization\"},\"potentialAction\":[{\"@type\":\"SearchAction\",\"target\":{\"@type\":\"EntryPoint\",\"urlTemplate\":\"https:\/\/janieltours.com\/?s={search_term_string}\"},\"query-input\":{\"@type\":\"PropertyValueSpecification\",\"valueRequired\":true,\"valueName\":\"search_term_string\"}}],\"inLanguage\":\"fr-FR\"},{\"@type\":\"Organization\",\"@id\":\"https:\/\/janieltours.com\/#organization\",\"name\":\"Janiel Tours\",\"url\":\"https:\/\/janieltours.com\/\",\"logo\":{\"@type\":\"ImageObject\",\"inLanguage\":\"fr-FR\",\"@id\":\"https:\/\/janieltours.com\/#\/schema\/logo\/image\/\",\"url\":\"https:\/\/janieltours.com\/wp-content\/uploads\/2023\/11\/cropped-LOGO-png.png\",\"contentUrl\":\"https:\/\/janieltours.com\/wp-content\/uploads\/2023\/11\/cropped-LOGO-png.png\",\"width\":2477,\"height\":708,\"caption\":\"Janiel Tours\"},\"image\":{\"@id\":\"https:\/\/janieltours.com\/#\/schema\/logo\/image\/\"},\"sameAs\":[\"https:\/\/web.facebook.com\/janieltours?_rdc=1&_rdr\"]}]}<\/script>\n<!-- \/ Yoast SEO plugin. -->","yoast_head_json":{"title":"Location de v\u00e9hicules -","robots":{"index":"index","follow":"follow","max-snippet":"max-snippet:-1","max-image-preview":"max-image-preview:large","max-video-preview":"max-video-preview:-1"},"canonical":"https:\/\/janieltours.com\/index.php\/location-de-vehicules\/","og_locale":"fr_FR","og_type":"article","og_title":"Location de v\u00e9hicules -","og_description":"Faites votre r\u00e9servation de v\u00e9hicules ici","og_url":"https:\/\/janieltours.com\/index.php\/location-de-vehicules\/","article_publisher":"https:\/\/web.facebook.com\/janieltours?_rdc=1&_rdr","article_modified_time":"2023-11-16T17:03:52+00:00","og_image":[{"url":"https:\/\/janieltours.com\/wp-content\/uploads\/2023\/11\/La-location-de-vehicules-touristiques-copie-min-min-1024x1024.jpg","type":"","width":"","height":""}],"twitter_card":"summary_large_image","schema":{"@context":"https:\/\/schema.org","@graph":[{"@type":"WebPage","@id":"https:\/\/janieltours.com\/index.php\/location-de-vehicules\/","url":"https:\/\/janieltours.com\/index.php\/location-de-vehicules\/","name":"Location de v\u00e9hicules -","isPartOf":{"@id":"https:\/\/janieltours.com\/#website"},"primaryImageOfPage":{"@id":"https:\/\/janieltours.com\/index.php\/location-de-vehicules\/#primaryimage"},"image":{"@id":"https:\/\/janieltours.com\/index.php\/location-de-vehicules\/#primaryimage"},"thumbnailUrl":"https:\/\/janieltours.com\/wp-content\/uploads\/2023\/11\/La-location-de-vehicules-touristiques-copie-min-min-1024x1024.jpg","datePublished":"2023-11-14T19:21:24+00:00","dateModified":"2023-11-16T17:03:52+00:00","breadcrumb":{"@id":"https:\/\/janieltours.com\/index.php\/location-de-vehicules\/#breadcrumb"},"inLanguage":"fr-FR","potentialAction":[{"@type":"ReadAction","target":["https:\/\/janieltours.com\/index.php\/location-de-vehicules\/"]}]},{"@type":"ImageObject","inLanguage":"fr-FR","@id":"https:\/\/janieltours.com\/index.php\/location-de-vehicules\/#primaryimage","url":"https:\/\/janieltours.com\/wp-content\/uploads\/2023\/11\/La-location-de-vehicules-touristiques-copie-min-min.jpg","contentUrl":"https:\/\/janieltours.com\/wp-content\/uploads\/2023\/11\/La-location-de-vehicules-touristiques-copie-min-min.jpg","width":2480,"height":2480,"caption":"V\u00e9hicule Agence de Voyage Janiel Tours"},{"@type":"BreadcrumbList","@id":"https:\/\/janieltours.com\/index.php\/location-de-vehicules\/#breadcrumb","itemListElement":[{"@type":"ListItem","position":1,"name":"Accueil","item":"https:\/\/janieltours.com\/"},{"@type":"ListItem","position":2,"name":"Location de v\u00e9hicules"}]},{"@type":"WebSite","@id":"https:\/\/janieltours.com\/#website","url":"https:\/\/janieltours.com\/","name":"www.janieltours.com","description":"","publisher":{"@id":"https:\/\/janieltours.com\/#organization"},"potentialAction":[{"@type":"SearchAction","target":{"@type":"EntryPoint","urlTemplate":"https:\/\/janieltours.com\/?s={search_term_string}"},"query-input":{"@type":"PropertyValueSpecification","valueRequired":true,"valueName":"search_term_string"}}],"inLanguage":"fr-FR"},{"@type":"Organization","@id":"https:\/\/janieltours.com\/#organization","name":"Janiel Tours","url":"https:\/\/janieltours.com\/","logo":{"@type":"ImageObject","inLanguage":"fr-FR","@id":"https:\/\/janieltours.com\/#\/schema\/logo\/image\/","url":"https:\/\/janieltours.com\/wp-content\/uploads\/2023\/11\/cropped-LOGO-png.png","contentUrl":"https:\/\/janieltours.com\/wp-content\/uploads\/2023\/11\/cropped-LOGO-png.png","width":2477,"height":708,"caption":"Janiel Tours"},"image":{"@id":"https:\/\/janieltours.com\/#\/schema\/logo\/image\/"},"sameAs":["https:\/\/web.facebook.com\/janieltours?_rdc=1&_rdr"]}]}},"_links":{"self":[{"href":"https:\/\/janieltours.com\/index.php\/wp-json\/wp\/v2\/pages\/193","targetHints":{"allow":["GET"]}}],"collection":[{"href":"https:\/\/janieltours.com\/index.php\/wp-json\/wp\/v2\/pages"}],"about":[{"href":"https:\/\/janieltours.com\/index.php\/wp-json\/wp\/v2\/types\/page"}],"author":[{"embeddable":true,"href":"https:\/\/janieltours.com\/index.php\/wp-json\/wp\/v2\/users\/1"}],"replies":[{"embeddable":true,"href":"https:\/\/janieltours.com\/index.php\/wp-json\/wp\/v2\/comments?post=193"}],"version-history":[{"count":4,"href":"https:\/\/janieltours.com\/index.php\/wp-json\/wp\/v2\/pages\/193\/revisions"}],"predecessor-version":[{"id":596,"href":"https:\/\/janieltours.com\/index.php\/wp-json\/wp\/v2\/pages\/193\/revisions\/596"}],"wp:attachment":[{"href":"https:\/\/janieltours.com\/index.php\/wp-json\/wp\/v2\/media?parent=193"}],"curies":[{"name":"wp","href":"https:\/\/api.w.org\/{rel}","templated":true}]}}